{"id":1290,"date":"2020-12-15T08:07:37","date_gmt":"2020-12-15T08:07:37","guid":{"rendered":"https:\/\/mega-chemicals.com\/home\/"},"modified":"2023-03-18T14:23:44","modified_gmt":"2023-03-18T14:23:44","slug":"home","status":"publish","type":"page","link":"https:\/\/mega-chemicals.com\/fr\/","title":{"rendered":"d'accueil"},"content":{"rendered":"<div data-elementor-type=\"wp-page\" data-elementor-id=\"1290\" class=\"elementor elementor-1290\">\n\t\t\t\t\t\t<section class=\"elementor-section elementor-top-section elementor-element elementor-element-272fdde elementor-section-content-middle elementor-section-height-min-height elementor-section-boxed elementor-section-height-default elementor-section-items-middle\" data-id=\"272fdde\" data-element_type=\"section\" data-settings=\"{&quot;background_background&quot;:&quot;slideshow&quot;,&quot;background_slideshow_gallery&quot;:[{&quot;id&quot;:1359,&quot;url&quot;:&quot;https:\\\/\\\/mega-chemicals.com\\\/wp-content\\\/uploads\\\/2023\\\/03\\\/vedrana-filipovic-jxqTaXF5WmY-unsplash-scaled.jpg&quot;},{&quot;id&quot;:1360,&quot;url&quot;:&quot;https:\\\/\\\/mega-chemicals.com\\\/wp-content\\\/uploads\\\/2023\\\/03\\\/louis-reed-pwcKF7L4-no-unsplash-scaled.jpg&quot;},{&quot;id&quot;:1361,&quot;url&quot;:&quot;https:\\\/\\\/mega-chemicals.com\\\/wp-content\\\/uploads\\\/2023\\\/03\\\/hans-reniers-lQGJCMY5qcM-unsplash-scaled.jpg&quot;}],&quot;background_slideshow_slide_transition&quot;:&quot;slide_left&quot;,&quot;background_slideshow_loop&quot;:&quot;yes&quot;,&quot;background_slideshow_slide_duration&quot;:5000,&quot;background_slideshow_transition_duration&quot;:500}\">\n\t\t\t\t\t\t<div class=\"elementor-container elementor-column-gap-default\">\n\t\t\t\t\t<div class=\"elementor-column elementor-col-50 elementor-top-column elementor-element elementor-element-d950fb8 elementor-invisible\" data-id=\"d950fb8\" data-element_type=\"column\" id=\"headertextcolumn\" data-settings=\"{&quot;background_background&quot;:&quot;classic&quot;,&quot;animation&quot;:&quot;fadeInRight&quot;}\">\n\t\t\t<div class=\"elementor-widget-wrap elementor-element-populated\">\n\t\t\t\t\t\t<div class=\"elementor-element elementor-element-3ef824c elementor-hidden-mobile elementor-widget elementor-widget-heading\" data-id=\"3ef824c\" data-element_type=\"widget\" id=\"headertext\" data-widget_type=\"heading.default\">\n\t\t\t\t<div class=\"elementor-widget-container\">\n\t\t\t<style>\/*! elementor - v3.21.0 - 20-05-2024 *\/\n.elementor-heading-title{padding:0;margin:0;line-height:1}.elementor-widget-heading .elementor-heading-title[class*=elementor-size-]>a{color:inherit;font-size:inherit;line-height:inherit}.elementor-widget-heading .elementor-heading-title.elementor-size-small{font-size:15px}.elementor-widget-heading .elementor-heading-title.elementor-size-medium{font-size:19px}.elementor-widget-heading .elementor-heading-title.elementor-size-large{font-size:29px}.elementor-widget-heading .elementor-heading-title.elementor-size-xl{font-size:39px}.elementor-widget-heading .elementor-heading-title.elementor-size-xxl{font-size:59px}<\/style><p class=\"elementor-heading-title elementor-size-default\">Votre guichet unique pour l'approvisionnement <br>toutes les mati\u00e8res premi\u00e8res pour votre <br>production!<\/p>\t\t<\/div>\n\t\t\t\t<\/div>\n\t\t\t\t<div class=\"elementor-element elementor-element-7295a6f elementor-hidden-desktop elementor-hidden-tablet elementor-widget elementor-widget-heading\" data-id=\"7295a6f\" data-element_type=\"widget\" data-widget_type=\"heading.default\">\n\t\t\t\t<div class=\"elementor-widget-container\">\n\t\t\t<p class=\"elementor-heading-title elementor-size-default\">Votre guichet unique pour l'approvisionnement de toutes les mati\u00e8res premi\u00e8res pour votre production\u00a0!<\/p>\t\t<\/div>\n\t\t\t\t<\/div>\n\t\t\t\t\t<\/div>\n\t\t<\/div>\n\t\t\t\t<div class=\"elementor-column elementor-col-50 elementor-top-column elementor-element elementor-element-6fab50d\" data-id=\"6fab50d\" data-element_type=\"column\">\n\t\t\t<div class=\"elementor-widget-wrap\">\n\t\t\t\t\t\t\t<\/div>\n\t\t<\/div>\n\t\t\t\t\t<\/div>\n\t\t<\/section>\n\t\t\t\t<section class=\"elementor-section elementor-top-section elementor-element elementor-element-899d182 elementor-section-content-middle elementor-section-boxed elementor-section-height-default elementor-section-height-default\" data-id=\"899d182\" data-element_type=\"section\" data-settings=\"{&quot;background_background&quot;:&quot;classic&quot;}\">\n\t\t\t\t\t\t<div class=\"elementor-container elementor-column-gap-no\">\n\t\t\t\t\t<div class=\"elementor-column elementor-col-50 elementor-top-column elementor-element elementor-element-1b361c9\" data-id=\"1b361c9\" data-element_type=\"column\">\n\t\t\t<div class=\"elementor-widget-wrap elementor-element-populated\">\n\t\t\t\t\t\t<div class=\"elementor-element elementor-element-fd60fad elementor-invisible elementor-widget elementor-widget-heading\" data-id=\"fd60fad\" data-element_type=\"widget\" data-settings=\"{&quot;_animation&quot;:&quot;bounceInLeft&quot;}\" data-widget_type=\"heading.default\">\n\t\t\t\t<div class=\"elementor-widget-container\">\n\t\t\t<h3 class=\"elementor-heading-title elementor-size-default\">Bienvenue chez MEGA Chemicals  <\/h3>\t\t<\/div>\n\t\t\t\t<\/div>\n\t\t\t\t<div class=\"elementor-element elementor-element-e5f5938 elementor-invisible elementor-widget elementor-widget-heading\" data-id=\"e5f5938\" data-element_type=\"widget\" data-settings=\"{&quot;_animation&quot;:&quot;bounceInLeft&quot;,&quot;_animation_delay&quot;:100}\" data-widget_type=\"heading.default\">\n\t\t\t\t<div class=\"elementor-widget-container\">\n\t\t\t<p class=\"elementor-heading-title elementor-size-default\">MEGA Chemicals est un fournisseur et distributeur international d'une large gamme de produits chimiques, mais sp\u00e9cialis\u00e9 dans le polyur\u00e9thane.<\/p>\t\t<\/div>\n\t\t\t\t<\/div>\n\t\t\t\t\t<\/div>\n\t\t<\/div>\n\t\t\t\t<div class=\"elementor-column elementor-col-50 elementor-top-column elementor-element elementor-element-ea7c96e animated-slow elementor-invisible\" data-id=\"ea7c96e\" data-element_type=\"column\" data-settings=\"{&quot;animation&quot;:&quot;zoomIn&quot;}\">\n\t\t\t<div class=\"elementor-widget-wrap elementor-element-populated\">\n\t\t\t\t\t\t<div class=\"elementor-element elementor-element-e77a3fc elementor-widget elementor-widget-image\" data-id=\"e77a3fc\" data-element_type=\"widget\" data-widget_type=\"image.default\">\n\t\t\t\t<div class=\"elementor-widget-container\">\n\t\t\t<style>\/*! elementor - v3.21.0 - 20-05-2024 *\/\n.elementor-widget-image{text-align:center}.elementor-widget-image a{display:inline-block}.elementor-widget-image a img[src$=\".svg\"]{width:48px}.elementor-widget-image img{vertical-align:middle;display:inline-block}<\/style>\t\t\t\t\t\t\t\t\t\t<img fetchpriority=\"high\" decoding=\"async\" width=\"1024\" height=\"682\" src=\"https:\/\/mega-chemicals.com\/wp-content\/uploads\/2023\/03\/Mega-chemical-Final-02-1024x682.png\" class=\"attachment-large size-large wp-image-1500\" alt=\"\" srcset=\"https:\/\/mega-chemicals.com\/wp-content\/uploads\/2023\/03\/Mega-chemical-Final-02-1024x682.png 1024w, https:\/\/mega-chemicals.com\/wp-content\/uploads\/2023\/03\/Mega-chemical-Final-02-300x200.png 300w, https:\/\/mega-chemicals.com\/wp-content\/uploads\/2023\/03\/Mega-chemical-Final-02-768x511.png 768w, https:\/\/mega-chemicals.com\/wp-content\/uploads\/2023\/03\/Mega-chemical-Final-02-1536x1023.png 1536w, https:\/\/mega-chemicals.com\/wp-content\/uploads\/2023\/03\/Mega-chemical-Final-02-2048x1364.png 2048w\" sizes=\"(max-width: 1024px) 100vw, 1024px\" \/>\t\t\t\t\t\t\t\t\t\t\t\t\t<\/div>\n\t\t\t\t<\/div>\n\t\t\t\t\t<\/div>\n\t\t<\/div>\n\t\t\t\t\t<\/div>\n\t\t<\/section>\n\t\t\t\t<section class=\"elementor-section elementor-top-section elementor-element elementor-element-ffe958b elementor-section-content-middle elementor-reverse-tablet elementor-reverse-mobile elementor-section-boxed elementor-section-height-default elementor-section-height-default\" data-id=\"ffe958b\" data-element_type=\"section\" data-settings=\"{&quot;background_background&quot;:&quot;classic&quot;}\">\n\t\t\t\t\t\t<div class=\"elementor-container elementor-column-gap-default\">\n\t\t\t\t\t<div class=\"elementor-column elementor-col-100 elementor-top-column elementor-element elementor-element-d8ae55f\" data-id=\"d8ae55f\" data-element_type=\"column\">\n\t\t\t<div class=\"elementor-widget-wrap elementor-element-populated\">\n\t\t\t\t\t\t<div class=\"elementor-element elementor-element-3c83a53 elementor-widget elementor-widget-heading\" data-id=\"3c83a53\" data-element_type=\"widget\" data-widget_type=\"heading.default\">\n\t\t\t\t<div class=\"elementor-widget-container\">\n\t\t\t<h2 class=\"elementor-heading-title elementor-size-default\">Comment fait-on ?<\/h2>\t\t<\/div>\n\t\t\t\t<\/div>\n\t\t\t\t<section class=\"elementor-section elementor-inner-section elementor-element elementor-element-ab16b24 elementor-section-boxed elementor-section-height-default elementor-section-height-default\" data-id=\"ab16b24\" data-element_type=\"section\">\n\t\t\t\t\t\t<div class=\"elementor-container elementor-column-gap-default\">\n\t\t\t\t\t<div class=\"elementor-column elementor-col-33 elementor-inner-column elementor-element elementor-element-3b04cd6 elementor-invisible\" data-id=\"3b04cd6\" data-element_type=\"column\" data-settings=\"{&quot;animation&quot;:&quot;bounceInLeft&quot;}\">\n\t\t\t<div class=\"elementor-widget-wrap elementor-element-populated\">\n\t\t\t\t\t\t<div class=\"elementor-element elementor-element-dbd00ca elementor-view-framed elementor-shape-circle elementor-position-top elementor-mobile-position-top elementor-widget elementor-widget-icon-box\" data-id=\"dbd00ca\" data-element_type=\"widget\" data-widget_type=\"icon-box.default\">\n\t\t\t\t<div class=\"elementor-widget-container\">\n\t\t\t<link rel=\"stylesheet\" href=\"https:\/\/mega-chemicals.com\/wp-content\/plugins\/elementor\/assets\/css\/widget-icon-box.min.css\">\t\t<div class=\"elementor-icon-box-wrapper\">\n\n\t\t\t\t\t\t<div class=\"elementor-icon-box-icon\">\n\t\t\t\t<span  class=\"elementor-icon elementor-animation-\">\n\t\t\t\t<i aria-hidden=\"true\" class=\"fas fa-project-diagram\"><\/i>\t\t\t\t<\/span>\n\t\t\t<\/div>\n\t\t\t\n\t\t\t\t\t\t<div class=\"elementor-icon-box-content\">\n\n\t\t\t\t\t\t\t\t\t<h4 class=\"elementor-icon-box-title\">\n\t\t\t\t\t\t<span  >\n\t\t\t\t\t\t\tNos relations\t\t\t\t\t\t<\/span>\n\t\t\t\t\t<\/h4>\n\t\t\t\t\n\t\t\t\t\t\t\t\t\t<p class=\"elementor-icon-box-description\">\n\t\t\t\t\t\tNos relations solides et historiques avec les fabricants de produits chimiques nous permettent de trouver le mat\u00e9riel requis avec des prix comp\u00e9titifs, un d\u00e9lai de livraison minimal et la meilleure qualit\u00e9.\t\t\t\t\t<\/p>\n\t\t\t\t\n\t\t\t<\/div>\n\t\t\t\n\t\t<\/div>\n\t\t\t\t<\/div>\n\t\t\t\t<\/div>\n\t\t\t\t\t<\/div>\n\t\t<\/div>\n\t\t\t\t<div class=\"elementor-column elementor-col-33 elementor-inner-column elementor-element elementor-element-289d8f1 elementor-invisible\" data-id=\"289d8f1\" data-element_type=\"column\" data-settings=\"{&quot;animation&quot;:&quot;bounceIn&quot;}\">\n\t\t\t<div class=\"elementor-widget-wrap elementor-element-populated\">\n\t\t\t\t\t\t<div class=\"elementor-element elementor-element-d85dfcf elementor-view-framed elementor-shape-circle elementor-position-top elementor-mobile-position-top elementor-widget elementor-widget-icon-box\" data-id=\"d85dfcf\" data-element_type=\"widget\" data-widget_type=\"icon-box.default\">\n\t\t\t\t<div class=\"elementor-widget-container\">\n\t\t\t\t\t<div class=\"elementor-icon-box-wrapper\">\n\n\t\t\t\t\t\t<div class=\"elementor-icon-box-icon\">\n\t\t\t\t<span  class=\"elementor-icon elementor-animation-\">\n\t\t\t\t<i aria-hidden=\"true\" class=\"fas fa-handshake\"><\/i>\t\t\t\t<\/span>\n\t\t\t<\/div>\n\t\t\t\n\t\t\t\t\t\t<div class=\"elementor-icon-box-content\">\n\n\t\t\t\t\t\t\t\t\t<h4 class=\"elementor-icon-box-title\">\n\t\t\t\t\t\t<span  >\n\t\t\t\t\t\t\tLa confiance\t\t\t\t\t\t<\/span>\n\t\t\t\t\t<\/h4>\n\t\t\t\t\n\t\t\t\t\t\t\t\t\t<p class=\"elementor-icon-box-description\">\n\t\t\t\t\t\tNous agissons en tant que conseillers de confiance aupr\u00e8s de nos clients alors que nous entretenons ces relations en \u00e9tablissant un syst\u00e8me de relations au fil du temps.\t\t\t\t\t<\/p>\n\t\t\t\t\n\t\t\t<\/div>\n\t\t\t\n\t\t<\/div>\n\t\t\t\t<\/div>\n\t\t\t\t<\/div>\n\t\t\t\t\t<\/div>\n\t\t<\/div>\n\t\t\t\t<div class=\"elementor-column elementor-col-33 elementor-inner-column elementor-element elementor-element-ed5d7c0 elementor-invisible\" data-id=\"ed5d7c0\" data-element_type=\"column\" data-settings=\"{&quot;animation&quot;:&quot;bounceInRight&quot;}\">\n\t\t\t<div class=\"elementor-widget-wrap elementor-element-populated\">\n\t\t\t\t\t\t<div class=\"elementor-element elementor-element-f1a1e19 elementor-view-framed elementor-shape-circle elementor-position-top elementor-mobile-position-top elementor-widget elementor-widget-icon-box\" data-id=\"f1a1e19\" data-element_type=\"widget\" data-widget_type=\"icon-box.default\">\n\t\t\t\t<div class=\"elementor-widget-container\">\n\t\t\t\t\t<div class=\"elementor-icon-box-wrapper\">\n\n\t\t\t\t\t\t<div class=\"elementor-icon-box-icon\">\n\t\t\t\t<span  class=\"elementor-icon elementor-animation-\">\n\t\t\t\t<i aria-hidden=\"true\" class=\"fas fa-glass-whiskey\"><\/i>\t\t\t\t<\/span>\n\t\t\t<\/div>\n\t\t\t\n\t\t\t\t\t\t<div class=\"elementor-icon-box-content\">\n\n\t\t\t\t\t\t\t\t\t<h4 class=\"elementor-icon-box-title\">\n\t\t\t\t\t\t<span  >\n\t\t\t\t\t\t\tNotre produit \t\t\t\t\t\t<\/span>\n\t\t\t\t\t<\/h4>\n\t\t\t\t\n\t\t\t\t\t\t\t\t\t<p class=\"elementor-icon-box-description\">\n\t\t\t\t\t\tNotre portefeuille de produits et services comprend la plupart des types de produits chimiques comme mati\u00e8res premi\u00e8res. Notre sp\u00e9cialisation s'articule autour des fabricants de mousse fournissant du polyol, du TDI et des additifs. \t\t\t\t\t<\/p>\n\t\t\t\t\n\t\t\t<\/div>\n\t\t\t\n\t\t<\/div>\n\t\t\t\t<\/div>\n\t\t\t\t<\/div>\n\t\t\t\t\t<\/div>\n\t\t<\/div>\n\t\t\t\t\t<\/div>\n\t\t<\/section>\n\t\t\t\t<div class=\"elementor-element elementor-element-461b5f0 elementor-align-center elementor-widget elementor-widget-button\" data-id=\"461b5f0\" data-element_type=\"widget\" data-widget_type=\"button.default\">\n\t\t\t\t<div class=\"elementor-widget-container\">\n\t\t\t\t\t<div class=\"elementor-button-wrapper\">\n\t\t\t<a class=\"elementor-button elementor-button-link elementor-size-sm\" href=\"https:\/\/mega-chemicals.com\/fr\/about-us\/\">\n\t\t\t\t\t\t<span class=\"elementor-button-content-wrapper\">\n\t\t\t\t\t\t\t\t\t<span class=\"elementor-button-text\">Apprendre encore plus<\/span>\n\t\t\t\t\t<\/span>\n\t\t\t\t\t<\/a>\n\t\t<\/div>\n\t\t\t\t<\/div>\n\t\t\t\t<\/div>\n\t\t\t\t\t<\/div>\n\t\t<\/div>\n\t\t\t\t\t<\/div>\n\t\t<\/section>\n\t\t\t\t<\/div>","protected":false},"excerpt":{"rendered":"<p>Your one stop shop to sourcing all raw materials for your production! Your one stop shop to sourcing all raw materials for your production! Welcome to MEGA Chemicals MEGA Chemicals in an international supplier and distributor for a wide range of chemicals , yet specializing in Polyurethane. How we do it? Our relationships Our strong [&hellip;]<\/p>","protected":false},"author":1,"featured_media":0,"parent":0,"menu_order":0,"comment_status":"closed","ping_status":"closed","template":"","meta":{"_coblocks_attr":"","_coblocks_dimensions":"","_coblocks_responsive_height":"","_coblocks_accordion_ie_support":"","site-sidebar-layout":"no-sidebar","site-content-layout":"page-builder","ast-site-content-layout":"default","site-content-style":"default","site-sidebar-style":"default","ast-global-header-display":"","ast-banner-title-visibility":"","ast-main-header-display":"","ast-hfb-above-header-display":"","ast-hfb-below-header-display":"","ast-hfb-mobile-header-display":"","site-post-title":"disabled","ast-breadcrumbs-content":"","ast-featured-img":"disabled","footer-sml-layout":"","ast-disable-related-posts":"","theme-transparent-header-meta":"enabled","adv-header-id-meta":"","stick-header-meta":"","header-above-stick-meta":"","header-main-stick-meta":"","header-below-stick-meta":"","astra-migrate-meta-layouts":"default","ast-page-background-enabled":"default","ast-page-background-meta":{"desktop":{"background-color":"","background-image":"","background-repeat":"repeat","background-position":"center center","background-size":"auto","background-attachment":"scroll","background-type":"","background-media":"","overlay-type":"","overlay-color":"","overlay-opacity":"","overlay-gradient":""},"tablet":{"background-color":"","background-image":"","background-repeat":"repeat","background-position":"center center","background-size":"auto","background-attachment":"scroll","background-type":"","background-media":"","overlay-type":"","overlay-color":"","overlay-opacity":"","overlay-gradient":""},"mobile":{"background-color":"","background-image":"","background-repeat":"repeat","background-position":"center center","background-size":"auto","background-attachment":"scroll","background-type":"","background-media":"","overlay-type":"","overlay-color":"","overlay-opacity":"","overlay-gradient":""}},"ast-content-background-meta":{"desktop":{"background-color":"var(--ast-global-color-5)","background-image":"","background-repeat":"repeat","background-position":"center center","background-size":"auto","background-attachment":"scroll","background-type":"","background-media":"","overlay-type":"","overlay-color":"","overlay-opacity":"","overlay-gradient":""},"tablet":{"background-color":"var(--ast-global-color-5)","background-image":"","background-repeat":"repeat","background-position":"center center","background-size":"auto","background-attachment":"scroll","background-type":"","background-media":"","overlay-type":"","overlay-color":"","overlay-opacity":"","overlay-gradient":""},"mobile":{"background-color":"var(--ast-global-color-5)","background-image":"","background-repeat":"repeat","background-position":"center center","background-size":"auto","background-attachment":"scroll","background-type":"","background-media":"","overlay-type":"","overlay-color":"","overlay-opacity":"","overlay-gradient":""}},"footnotes":""},"class_list":["post-1290","page","type-page","status-publish","hentry"],"yoast_head":"<!-- This site is optimized with the Yoast SEO plugin v22.7 - https:\/\/yoast.com\/wordpress\/plugins\/seo\/ -->\n<title>Home - MEGA Chemicals<\/title>\n<meta name=\"robots\" content=\"index, follow, max-snippet:-1, max-image-preview:large, max-video-preview:-1\" \/>\n<link rel=\"canonical\" href=\"https:\/\/mega-chemicals.com\/fr\/\" \/>\n<meta property=\"og:locale\" content=\"fr_FR\" \/>\n<meta property=\"og:type\" content=\"article\" \/>\n<meta property=\"og:title\" content=\"Home - MEGA Chemicals\" \/>\n<meta property=\"og:description\" content=\"Your one stop shop to sourcing all raw materials for your production! Your one stop shop to sourcing all raw materials for your production! Welcome to MEGA Chemicals MEGA Chemicals in an international supplier and distributor for a wide range of chemicals , yet specializing in Polyurethane. How we do it? Our relationships Our strong [&hellip;]\" \/>\n<meta property=\"og:url\" content=\"https:\/\/mega-chemicals.com\/fr\/\" \/>\n<meta property=\"og:site_name\" content=\"MEGA Chemicals\" \/>\n<meta property=\"article:modified_time\" content=\"2023-03-18T14:23:44+00:00\" \/>\n<meta property=\"og:image\" content=\"https:\/\/mega-chemicals.com\/wp-content\/uploads\/2023\/03\/Mega-chemical-Final-02-1024x682.png\" \/>\n<meta name=\"twitter:card\" content=\"summary_large_image\" \/>\n<meta name=\"twitter:label1\" content=\"Dur\u00e9e de lecture estim\u00e9e\" \/>\n\t<meta name=\"twitter:data1\" content=\"4 minutes\" \/>\n<script type=\"application\/ld+json\" class=\"yoast-schema-graph\">{\"@context\":\"https:\/\/schema.org\",\"@graph\":[{\"@type\":\"WebPage\",\"@id\":\"https:\/\/mega-chemicals.com\/\",\"url\":\"https:\/\/mega-chemicals.com\/\",\"name\":\"Home - MEGA Chemicals\",\"isPartOf\":{\"@id\":\"https:\/\/mega-chemicals.com\/#website\"},\"primaryImageOfPage\":{\"@id\":\"https:\/\/mega-chemicals.com\/#primaryimage\"},\"image\":{\"@id\":\"https:\/\/mega-chemicals.com\/#primaryimage\"},\"thumbnailUrl\":\"https:\/\/mega-chemicals.com\/wp-content\/uploads\/2023\/03\/Mega-chemical-Final-02-1024x682.png\",\"datePublished\":\"2020-12-15T08:07:37+00:00\",\"dateModified\":\"2023-03-18T14:23:44+00:00\",\"breadcrumb\":{\"@id\":\"https:\/\/mega-chemicals.com\/#breadcrumb\"},\"inLanguage\":\"fr-FR\",\"potentialAction\":[{\"@type\":\"ReadAction\",\"target\":[\"https:\/\/mega-chemicals.com\/\"]}]},{\"@type\":\"ImageObject\",\"inLanguage\":\"fr-FR\",\"@id\":\"https:\/\/mega-chemicals.com\/#primaryimage\",\"url\":\"https:\/\/mega-chemicals.com\/wp-content\/uploads\/2023\/03\/Mega-chemical-Final-02-1024x682.png\",\"contentUrl\":\"https:\/\/mega-chemicals.com\/wp-content\/uploads\/2023\/03\/Mega-chemical-Final-02-1024x682.png\"},{\"@type\":\"BreadcrumbList\",\"@id\":\"https:\/\/mega-chemicals.com\/#breadcrumb\",\"itemListElement\":[{\"@type\":\"ListItem\",\"position\":1,\"name\":\"Home\",\"item\":\"https:\/\/mega-chemicals.com\/\"},{\"@type\":\"ListItem\",\"position\":2,\"name\":\"Home\"}]},{\"@type\":\"WebSite\",\"@id\":\"https:\/\/mega-chemicals.com\/#website\",\"url\":\"https:\/\/mega-chemicals.com\/\",\"name\":\"MEGA Chemicals\",\"description\":\"MEGA Chemicals\",\"publisher\":{\"@id\":\"https:\/\/mega-chemicals.com\/#organization\"},\"potentialAction\":[{\"@type\":\"SearchAction\",\"target\":{\"@type\":\"EntryPoint\",\"urlTemplate\":\"https:\/\/mega-chemicals.com\/?s={search_term_string}\"},\"query-input\":\"required name=search_term_string\"}],\"inLanguage\":\"fr-FR\"},{\"@type\":\"Organization\",\"@id\":\"https:\/\/mega-chemicals.com\/#organization\",\"name\":\"MEGA Chemicals\",\"url\":\"https:\/\/mega-chemicals.com\/\",\"logo\":{\"@type\":\"ImageObject\",\"inLanguage\":\"fr-FR\",\"@id\":\"https:\/\/mega-chemicals.com\/#\/schema\/logo\/image\/\",\"url\":\"https:\/\/mega-chemicals.com\/wp-content\/uploads\/2023\/03\/Mega-chemical-Final-04.png\",\"contentUrl\":\"https:\/\/mega-chemicals.com\/wp-content\/uploads\/2023\/03\/Mega-chemical-Final-04.png\",\"width\":4844,\"height\":1107,\"caption\":\"MEGA Chemicals\"},\"image\":{\"@id\":\"https:\/\/mega-chemicals.com\/#\/schema\/logo\/image\/\"}}]}<\/script>\n<!-- \/ Yoast SEO plugin. -->","yoast_head_json":{"title":"Home - MEGA Chemicals","robots":{"index":"index","follow":"follow","max-snippet":"max-snippet:-1","max-image-preview":"max-image-preview:large","max-video-preview":"max-video-preview:-1"},"canonical":"https:\/\/mega-chemicals.com\/fr\/","og_locale":"fr_FR","og_type":"article","og_title":"Home - MEGA Chemicals","og_description":"Your one stop shop to sourcing all raw materials for your production! Your one stop shop to sourcing all raw materials for your production! Welcome to MEGA Chemicals MEGA Chemicals in an international supplier and distributor for a wide range of chemicals , yet specializing in Polyurethane. How we do it? Our relationships Our strong [&hellip;]","og_url":"https:\/\/mega-chemicals.com\/fr\/","og_site_name":"MEGA Chemicals","article_modified_time":"2023-03-18T14:23:44+00:00","og_image":[{"url":"https:\/\/mega-chemicals.com\/wp-content\/uploads\/2023\/03\/Mega-chemical-Final-02-1024x682.png"}],"twitter_card":"summary_large_image","twitter_misc":{"Dur\u00e9e de lecture estim\u00e9e":"4 minutes"},"schema":{"@context":"https:\/\/schema.org","@graph":[{"@type":"WebPage","@id":"https:\/\/mega-chemicals.com\/","url":"https:\/\/mega-chemicals.com\/","name":"Home - MEGA Chemicals","isPartOf":{"@id":"https:\/\/mega-chemicals.com\/#website"},"primaryImageOfPage":{"@id":"https:\/\/mega-chemicals.com\/#primaryimage"},"image":{"@id":"https:\/\/mega-chemicals.com\/#primaryimage"},"thumbnailUrl":"https:\/\/mega-chemicals.com\/wp-content\/uploads\/2023\/03\/Mega-chemical-Final-02-1024x682.png","datePublished":"2020-12-15T08:07:37+00:00","dateModified":"2023-03-18T14:23:44+00:00","breadcrumb":{"@id":"https:\/\/mega-chemicals.com\/#breadcrumb"},"inLanguage":"fr-FR","potentialAction":[{"@type":"ReadAction","target":["https:\/\/mega-chemicals.com\/"]}]},{"@type":"ImageObject","inLanguage":"fr-FR","@id":"https:\/\/mega-chemicals.com\/#primaryimage","url":"https:\/\/mega-chemicals.com\/wp-content\/uploads\/2023\/03\/Mega-chemical-Final-02-1024x682.png","contentUrl":"https:\/\/mega-chemicals.com\/wp-content\/uploads\/2023\/03\/Mega-chemical-Final-02-1024x682.png"},{"@type":"BreadcrumbList","@id":"https:\/\/mega-chemicals.com\/#breadcrumb","itemListElement":[{"@type":"ListItem","position":1,"name":"Home","item":"https:\/\/mega-chemicals.com\/"},{"@type":"ListItem","position":2,"name":"Home"}]},{"@type":"WebSite","@id":"https:\/\/mega-chemicals.com\/#website","url":"https:\/\/mega-chemicals.com\/","name":"MEGA Chemicals","description":"MEGA Chemicals","publisher":{"@id":"https:\/\/mega-chemicals.com\/#organization"},"potentialAction":[{"@type":"SearchAction","target":{"@type":"EntryPoint","urlTemplate":"https:\/\/mega-chemicals.com\/?s={search_term_string}"},"query-input":"required name=search_term_string"}],"inLanguage":"fr-FR"},{"@type":"Organization","@id":"https:\/\/mega-chemicals.com\/#organization","name":"MEGA Chemicals","url":"https:\/\/mega-chemicals.com\/","logo":{"@type":"ImageObject","inLanguage":"fr-FR","@id":"https:\/\/mega-chemicals.com\/#\/schema\/logo\/image\/","url":"https:\/\/mega-chemicals.com\/wp-content\/uploads\/2023\/03\/Mega-chemical-Final-04.png","contentUrl":"https:\/\/mega-chemicals.com\/wp-content\/uploads\/2023\/03\/Mega-chemical-Final-04.png","width":4844,"height":1107,"caption":"MEGA Chemicals"},"image":{"@id":"https:\/\/mega-chemicals.com\/#\/schema\/logo\/image\/"}}]}},"_links":{"self":[{"href":"https:\/\/mega-chemicals.com\/fr\/wp-json\/wp\/v2\/pages\/1290","targetHints":{"allow":["GET"]}}],"collection":[{"href":"https:\/\/mega-chemicals.com\/fr\/wp-json\/wp\/v2\/pages"}],"about":[{"href":"https:\/\/mega-chemicals.com\/fr\/wp-json\/wp\/v2\/types\/page"}],"author":[{"embeddable":true,"href":"https:\/\/mega-chemicals.com\/fr\/wp-json\/wp\/v2\/users\/1"}],"replies":[{"embeddable":true,"href":"https:\/\/mega-chemicals.com\/fr\/wp-json\/wp\/v2\/comments?post=1290"}],"version-history":[{"count":163,"href":"https:\/\/mega-chemicals.com\/fr\/wp-json\/wp\/v2\/pages\/1290\/revisions"}],"predecessor-version":[{"id":2362,"href":"https:\/\/mega-chemicals.com\/fr\/wp-json\/wp\/v2\/pages\/1290\/revisions\/2362"}],"wp:attachment":[{"href":"https:\/\/mega-chemicals.com\/fr\/wp-json\/wp\/v2\/media?parent=1290"}],"curies":[{"name":"wp","href":"https:\/\/api.w.org\/{rel}","templated":true}]}}